{"id":100831,"date":"2025-08-30T12:54:40","date_gmt":"2025-08-30T12:54:40","guid":{"rendered":"https:\/\/intellerate.net\/kontakt\/"},"modified":"2026-04-29T14:18:35","modified_gmt":"2026-04-29T14:18:35","slug":"kontakt","status":"publish","type":"page","link":"https:\/\/intellerate.net\/de\/kontakt\/","title":{"rendered":"Kontakt"},"content":{"rendered":"<p>[et_pb_section fb_built=&#8220;1&#8243; admin_label=&#8220;Contact 6&#8243; module_class=&#8220;sfly_contact sfly_contact_6&#8243; _builder_version=&#8220;4.27.4&#8243; background_color=&#8220;gcid-ff167076-b4c5-4e2e-a715-50d3f49d16ce&#8220; use_background_color_gradient=&#8220;on&#8220; background_color_gradient_stops=&#8220;rgba(255,255,255,0.75) 0%|rgba(255,255,255,0.75) 100%&#8220; background_color_gradient_overlays_image=&#8220;on&#8220; background_color_gradient_start=&#8220;rgba(255,255,255,0.75)&#8220; background_color_gradient_end=&#8220;rgba(255,255,255,0.75)&#8220; background_image=&#8220;https:\/\/intellerate.net\/wp-content\/uploads\/2025\/08\/computer.jpg&#8220; custom_padding=&#8220;||0px|&#8220; locked=&#8220;off&#8220; collapsed=&#8220;off&#8220; global_colors_info=&#8220;{%22gcid-ff167076-b4c5-4e2e-a715-50d3f49d16ce%22:%91%22background_color%22%93}&#8220;][et_pb_row column_structure=&#8220;1_3,1_3,1_3&#8243; make_equal=&#8220;on&#8220; custom_padding_last_edited=&#8220;on|desktop&#8220; module_id=&#8220;Contact-new&#8220; _builder_version=&#8220;4.27.4&#8243; custom_padding_tablet=&#8220;&#8220; custom_padding_phone=&#8220;&#8220; global_colors_info=&#8220;{}&#8220;][et_pb_column type=&#8220;1_3&#8243; module_class=&#8220;column1&#8243; _builder_version=&#8220;4.16&#8243; custom_padding=&#8220;|||&#8220; custom_padding_tablet=&#8220;||35px|&#8220; custom_padding_phone=&#8220;||35px|&#8220; custom_padding_last_edited=&#8220;on|tablet&#8220; global_colors_info=&#8220;{}&#8220; padding_tablet=&#8220;||35px|&#8220; padding_last_edited=&#8220;on|tablet&#8220; custom_padding__hover=&#8220;|||&#8220; padding_phone=&#8220;||35px|&#8220;][et_pb_image src=&#8220;https:\/\/intellerate.net\/wp-content\/uploads\/2023\/01\/LS_Scarf-scaled.jpg&#8220; title_text=&#8220;LS_Schal&#8220; _builder_version=&#8220;4.27.4&#8243; _module_preset=&#8220;default&#8220; global_colors_info=&#8220;{}&#8220;][\/et_pb_image][\/et_pb_column][et_pb_column type=&#8220;1_3&#8243; module_class=&#8220;column2&#8243; _builder_version=&#8220;4.16&#8243; custom_padding=&#8220;|||&#8220; custom_padding_tablet=&#8220;||35px|&#8220; custom_padding_phone=&#8220;||35px|&#8220; custom_padding_last_edited=&#8220;on|tablet&#8220; global_colors_info=&#8220;{}&#8220; padding_tablet=&#8220;||35px|&#8220; padding_last_edited=&#8220;on|tablet&#8220; custom_padding__hover=&#8220;|||&#8220; padding_phone=&#8220;||35px|&#8220;][et_pb_text quote_border_weight=&#8220;0px&#8220; quote_border_color=&#8220;rgba(0,0,0,0)&#8220; _builder_version=&#8220;4.27.4&#8243; link_font=&#8220;|100|||on|||#000000|&#8220; link_text_color=&#8220;#000000&#8243; quote_font=&#8220;Playfair Display||on||||||&#8220; quote_text_color=&#8220;#000000&#8243; quote_line_height=&#8220;1.3em&#8220; header_3_font=&#8220;|700|||||||&#8220; header_3_text_color=&#8220;#000000&#8243; header_4_letter_spacing=&#8220;12px&#8220; header_6_font=&#8220;Proza Libre|700|||||||&#8220; header_6_letter_spacing=&#8220;12px&#8220; module_alignment=&#8220;left&#8220; custom_margin_tablet=&#8220;|||&#8220; custom_margin_phone=&#8220;&#8220; custom_margin_last_edited=&#8220;on|tablet&#8220; custom_padding=&#8220;|||&#8220; animation_style=&#8220;fade&#8220; quote_font_size_tablet=&#8220;&#8220; quote_font_size_phone=&#8220;&#8220; quote_font_size_last_edited=&#8220;on|desktop&#8220; saved_tabs=&#8220;all&#8220; locked=&#8220;off&#8220; global_colors_info=&#8220;{%22gcid-918bfb31-49d9-4d67-868a-81697244072a%22:%91%22header_5_text_color%22%93}&#8220;]<\/p>\n<h2>Kontaktieren Sie uns.<\/h2>\n<p>Ganz gleich, ob Sie Ihr n\u00e4chstes Projekt zeitnah starten oder erst m\u00f6gliche Kooperationen ausloten m\u00f6chten: Vereinbaren Sie ein kostenloses 30-min\u00fctiges Beratungsgespr\u00e4ch.<\/p>\n<p>Laurie lebt in Madison (Wisconsin) und Berlin. Sie ist englische Muttersprachlerin und spricht ihre Zeitsprache Deutsch flie\u00dfend und verhandlungssicher.<\/p>\n<p>[\/et_pb_text][\/et_pb_column][et_pb_column type=&#8220;1_3&#8243; _builder_version=&#8220;4.27.4&#8243; _module_preset=&#8220;default&#8220; global_colors_info=&#8220;{}&#8220;][et_pb_contact_form email=&#8220;laurie.silverberg@intellerate.net&#8220; success_message=&#8220;Vielen Dank f\u00fcr Ihre Anfrage! Sie erhalten innerhalb der n\u00e4chsten 24-48 Stunden eine Antwort.&#8220; module_id=&#8220;et_pb_contact_form_0&#8243; _builder_version=&#8220;4.27.4&#8243; form_field_background_color=&#8220;#ffffff&#8220; form_field_font=&#8220;||||||||&#8220; custom_button=&#8220;on&#8220; button_text_color=&#8220;gcid-ff167076-b4c5-4e2e-a715-50d3f49d16ce&#8220; button_bg_color=&#8220;#d94144&#8243; button_border_color=&#8220;#d94144&#8243; button_font=&#8220;Lato|||on|||||&#8220; button_use_icon=&#8220;off&#8220; animation_style=&#8220;fade&#8220; animation_delay=&#8220;500ms&#8220; hover_enabled=&#8220;0&#8243; border_color_all=&#8220;RGBA(255,255,255,0)&#8220; box_shadow_style=&#8220;preset1&#8243; box_shadow_vertical=&#8220;0px&#8220; box_shadow_blur=&#8220;40px&#8220; box_shadow_color=&#8220;rgba(62,62,62,0.1)&#8220; form_background_color=&#8220;#ffffff&#8220; global_colors_info=&#8220;{%22gcid-ff167076-b4c5-4e2e-a715-50d3f49d16ce%22:%91%22button_text_color%22%93}&#8220; button_text_color__hover=&#8220;#bf9e77&#8243; button_text_color__hover_enabled=&#8220;on&#8220; button_bg_color__hover=&#8220;rgba(191,158,119,0)&#8220; button_bg_color__hover_enabled=&#8220;on&#8220; button_border_color__hover_enabled=&#8220;on&#8220; button_border_color__hover=&#8220;#511c29&#8243; use_spam_service=&#8220;on&#8220; recaptcha_list=&#8220;Intellerate|Intellerate-0&#8243; sticky_enabled=&#8220;0&#8243;][et_pb_contact_field field_id=&#8220;Name&#8220; field_title=&#8220;Name&#8220; _builder_version=&#8220;4.16&#8243; global_colors_info=&#8220;{}&#8220; button_text_size__hover_enabled=&#8220;off&#8220; button_one_text_size__hover_enabled=&#8220;off&#8220; button_two_text_size__hover_enabled=&#8220;off&#8220; button_text_color__hover_enabled=&#8220;off&#8220; button_one_text_color__hover_enabled=&#8220;off&#8220; button_two_text_color__hover_enabled=&#8220;off&#8220; button_border_width__hover_enabled=&#8220;off&#8220; button_one_border_width__hover_enabled=&#8220;off&#8220; button_two_border_width__hover_enabled=&#8220;off&#8220; button_border_color__hover_enabled=&#8220;off&#8220; button_one_border_color__hover_enabled=&#8220;off&#8220; button_two_border_color__hover_enabled=&#8220;off&#8220; button_border_radius__hover_enabled=&#8220;off&#8220; button_one_border_radius__hover_enabled=&#8220;off&#8220; button_two_border_radius__hover_enabled=&#8220;off&#8220; button_letter_spacing__hover_enabled=&#8220;off&#8220; button_one_letter_spacing__hover_enabled=&#8220;off&#8220; button_two_letter_spacing__hover_enabled=&#8220;off&#8220; button_bg_color__hover_enabled=&#8220;off&#8220; button_one_bg_color__hover_enabled=&#8220;off&#8220; button_two_bg_color__hover_enabled=&#8220;off&#8220;][\/et_pb_contact_field][et_pb_contact_field field_id=&#8220;Email&#8220; field_title=&#8220;E-Mail-Adresse&#8220; field_type=&#8220;email&#8220; _builder_version=&#8220;4.27.4&#8243; form_field_font=&#8220;&#8211;et_global_body_font||||||||&#8220; global_colors_info=&#8220;{}&#8220; button_text_size__hover_enabled=&#8220;off&#8220; button_one_text_size__hover_enabled=&#8220;off&#8220; button_two_text_size__hover_enabled=&#8220;off&#8220; button_text_color__hover_enabled=&#8220;off&#8220; button_one_text_color__hover_enabled=&#8220;off&#8220; button_two_text_color__hover_enabled=&#8220;off&#8220; button_border_width__hover_enabled=&#8220;off&#8220; button_one_border_width__hover_enabled=&#8220;off&#8220; button_two_border_width__hover_enabled=&#8220;off&#8220; button_border_color__hover_enabled=&#8220;off&#8220; button_one_border_color__hover_enabled=&#8220;off&#8220; button_two_border_color__hover_enabled=&#8220;off&#8220; button_border_radius__hover_enabled=&#8220;off&#8220; button_one_border_radius__hover_enabled=&#8220;off&#8220; button_two_border_radius__hover_enabled=&#8220;off&#8220; button_letter_spacing__hover_enabled=&#8220;off&#8220; button_one_letter_spacing__hover_enabled=&#8220;off&#8220; button_two_letter_spacing__hover_enabled=&#8220;off&#8220; button_bg_color__hover_enabled=&#8220;off&#8220; button_one_bg_color__hover_enabled=&#8220;off&#8220; button_two_bg_color__hover_enabled=&#8220;off&#8220;][\/et_pb_contact_field][et_pb_contact_field field_id=&#8220;Phone&#8220; field_title=&#8220;Telefon&#8220; required_mark=&#8220;off&#8220; fullwidth_field=&#8220;on&#8220; _builder_version=&#8220;4.16&#8243; global_colors_info=&#8220;{}&#8220; button_text_size__hover_enabled=&#8220;off&#8220; button_one_text_size__hover_enabled=&#8220;off&#8220; button_two_text_size__hover_enabled=&#8220;off&#8220; button_text_color__hover_enabled=&#8220;off&#8220; button_one_text_color__hover_enabled=&#8220;off&#8220; button_two_text_color__hover_enabled=&#8220;off&#8220; button_border_width__hover_enabled=&#8220;off&#8220; button_one_border_width__hover_enabled=&#8220;off&#8220; button_two_border_width__hover_enabled=&#8220;off&#8220; button_border_color__hover_enabled=&#8220;off&#8220; button_one_border_color__hover_enabled=&#8220;off&#8220; button_two_border_color__hover_enabled=&#8220;off&#8220; button_border_radius__hover_enabled=&#8220;off&#8220; button_one_border_radius__hover_enabled=&#8220;off&#8220; button_two_border_radius__hover_enabled=&#8220;off&#8220; button_letter_spacing__hover_enabled=&#8220;off&#8220; button_one_letter_spacing__hover_enabled=&#8220;off&#8220; button_two_letter_spacing__hover_enabled=&#8220;off&#8220; button_bg_color__hover_enabled=&#8220;off&#8220; button_one_bg_color__hover_enabled=&#8220;off&#8220; button_two_bg_color__hover_enabled=&#8220;off&#8220;][\/et_pb_contact_field][et_pb_contact_field field_id=&#8220;Message&#8220; field_title=&#8220;Nachricht \/ Fragen?&#8220; field_type=&#8220;text&#8220; fullwidth_field=&#8220;on&#8220; _builder_version=&#8220;4.16&#8243; global_colors_info=&#8220;{}&#8220; button_text_size__hover_enabled=&#8220;off&#8220; button_one_text_size__hover_enabled=&#8220;off&#8220; button_two_text_size__hover_enabled=&#8220;off&#8220; button_text_color__hover_enabled=&#8220;off&#8220; button_one_text_color__hover_enabled=&#8220;off&#8220; button_two_text_color__hover_enabled=&#8220;off&#8220; button_border_width__hover_enabled=&#8220;off&#8220; button_one_border_width__hover_enabled=&#8220;off&#8220; button_two_border_width__hover_enabled=&#8220;off&#8220; button_border_color__hover_enabled=&#8220;off&#8220; button_one_border_color__hover_enabled=&#8220;off&#8220; button_two_border_color__hover_enabled=&#8220;off&#8220; button_border_radius__hover_enabled=&#8220;off&#8220; button_one_border_radius__hover_enabled=&#8220;off&#8220; button_two_border_radius__hover_enabled=&#8220;off&#8220; button_letter_spacing__hover_enabled=&#8220;off&#8220; button_one_letter_spacing__hover_enabled=&#8220;off&#8220; button_two_letter_spacing__hover_enabled=&#8220;off&#8220; button_bg_color__hover_enabled=&#8220;off&#8220; button_one_bg_color__hover_enabled=&#8220;off&#8220; button_two_bg_color__hover_enabled=&#8220;off&#8220;][\/et_pb_contact_field][\/et_pb_contact_form][\/et_pb_column][\/et_pb_row][\/et_pb_section]<\/p>\n","protected":false},"excerpt":{"rendered":"<p>Kontaktieren Sie uns. Ganz gleich, ob Sie Ihr n\u00e4chstes Projekt zeitnah starten oder erst m\u00f6gliche Kooperationen ausloten m\u00f6chten: Vereinbaren Sie ein kostenloses 30-min\u00fctiges Beratungsgespr\u00e4ch. Laurie lebt in Madison (Wisconsin) und Berlin. Sie ist englische Muttersprachlerin und spricht ihre Zeitsprache Deutsch flie\u00dfend und verhandlungssicher.<\/p>\n","protected":false},"author":1,"featured_media":0,"parent":0,"menu_order":0,"comment_status":"closed","ping_status":"closed","template":"","meta":{"_et_pb_use_builder":"on","_et_pb_old_content":"","_et_gb_content_width":"","footnotes":""},"class_list":["post-100831","page","type-page","status-publish","hentry"],"_links":{"self":[{"href":"https:\/\/intellerate.net\/de\/wp-json\/wp\/v2\/pages\/100831","targetHints":{"allow":["GET"]}}],"collection":[{"href":"https:\/\/intellerate.net\/de\/wp-json\/wp\/v2\/pages"}],"about":[{"href":"https:\/\/intellerate.net\/de\/wp-json\/wp\/v2\/types\/page"}],"author":[{"embeddable":true,"href":"https:\/\/intellerate.net\/de\/wp-json\/wp\/v2\/users\/1"}],"replies":[{"embeddable":true,"href":"https:\/\/intellerate.net\/de\/wp-json\/wp\/v2\/comments?post=100831"}],"version-history":[{"count":6,"href":"https:\/\/intellerate.net\/de\/wp-json\/wp\/v2\/pages\/100831\/revisions"}],"predecessor-version":[{"id":100985,"href":"https:\/\/intellerate.net\/de\/wp-json\/wp\/v2\/pages\/100831\/revisions\/100985"}],"wp:attachment":[{"href":"https:\/\/intellerate.net\/de\/wp-json\/wp\/v2\/media?parent=100831"}],"curies":[{"name":"wp","href":"https:\/\/api.w.org\/{rel}","templated":true}]}}