{"id":100835,"date":"2025-08-27T15:26:08","date_gmt":"2025-08-27T15:26:08","guid":{"rendered":"https:\/\/intellerate.net\/ueber\/"},"modified":"2026-04-29T14:16:01","modified_gmt":"2026-04-29T14:16:01","slug":"ueber","status":"publish","type":"page","link":"https:\/\/intellerate.net\/de\/ueber\/","title":{"rendered":"\u00dcber"},"content":{"rendered":"<p>[et_pb_section fb_built=&#8220;1&#8243; admin_label=&#8220;Feature 18&#8243; module_class=&#8220;sfly_feature sfly_feature_18&#8243; _builder_version=&#8220;4.27.4&#8243; use_background_color_gradient=&#8220;on&#8220; background_color_gradient_direction=&#8220;90deg&#8220; background_color_gradient_stops=&#8220;rgba(0,0,0,0) 75%|rgba(19,32,77,0.85) 75%&#8220; background_color_gradient_overlays_image=&#8220;on&#8220; background_color_gradient_start=&#8220;rgba(0,0,0,0)&#8220; background_color_gradient_start_position=&#8220;75%&#8220; background_color_gradient_end=&#8220;rgba(19,32,77,0.85)&#8220; background_color_gradient_end_position=&#8220;75%&#8220; background_image=&#8220;https:\/\/intellerate.net\/wp-content\/uploads\/2025\/08\/rolands-varsbergs-OVOjK3MuxEg-unsplash-scaled.jpeg&#8220; locked=&#8220;off&#8220; collapsed=&#8220;off&#8220; global_colors_info=&#8220;{}&#8220;][et_pb_row column_structure=&#8220;1_2,1_2&#8243; make_equal=&#8220;on&#8220; padding_top_bottom_link_2=&#8220;true&#8220; padding_left_right_link_2=&#8220;true&#8220; _builder_version=&#8220;4.27.4&#8243; global_colors_info=&#8220;{}&#8220;][et_pb_column type=&#8220;1_2&#8243; module_class=&#8220;column1&#8243; _builder_version=&#8220;4.16&#8243; custom_padding=&#8220;|||&#8220; global_colors_info=&#8220;{}&#8220; custom_padding__hover=&#8220;|||&#8220;][\/et_pb_column][et_pb_column type=&#8220;1_2&#8243; module_class=&#8220;column2&#8243; _builder_version=&#8220;4.16&#8243; background_color=&#8220;#ffffff&#8220; custom_padding=&#8220;5%|5%|5%|5%&#8220; custom_padding_tablet=&#8220;&#8220; custom_padding_phone=&#8220;10%|10%|10%|10%|true|true&#8220; custom_padding_last_edited=&#8220;on|phone&#8220; box_shadow_style=&#8220;preset1&#8243; box_shadow_vertical=&#8220;0px&#8220; box_shadow_blur=&#8220;80px&#8220; box_shadow_color=&#8220;rgba(0,0,0,0.2)&#8220; global_colors_info=&#8220;{}&#8220; padding_phone=&#8220;10%|10%|10%|10%|true|true&#8220; padding_last_edited=&#8220;on|phone&#8220; custom_padding__hover=&#8220;|||&#8220;][et_pb_text quote_border_weight=&#8220;0px&#8220; quote_border_color=&#8220;rgba(0,0,0,0)&#8220; _builder_version=&#8220;4.27.4&#8243; link_font=&#8220;|100|||on|||#000000|&#8220; link_text_color=&#8220;#000000&#8243; quote_font=&#8220;Playfair Display||on||||||&#8220; quote_text_color=&#8220;#000000&#8243; quote_line_height=&#8220;1.3em&#8220; header_font=&#8220;Merriweather|700|||||||&#8220; header_2_text_color=&#8220;gcid-918bfb31-49d9-4d67-868a-81697244072a&#8220; header_3_font=&#8220;|700|||||||&#8220; header_3_text_color=&#8220;#000000&#8243; header_4_letter_spacing=&#8220;12px&#8220; header_5_font=&#8220;|300|||||||&#8220; header_5_text_color=&#8220;#bfbfbf&#8220; header_5_letter_spacing=&#8220;12px&#8220; header_6_font=&#8220;|700|||||||&#8220; header_6_letter_spacing=&#8220;12px&#8220; module_alignment=&#8220;left&#8220; custom_margin_tablet=&#8220;&#8220; custom_margin_phone=&#8220;&#8220; custom_margin_last_edited=&#8220;on|tablet&#8220; quote_font_size_tablet=&#8220;&#8220; quote_font_size_phone=&#8220;&#8220; quote_font_size_last_edited=&#8220;on|desktop&#8220; saved_tabs=&#8220;all&#8220; locked=&#8220;off&#8220; global_colors_info=&#8220;{%22gcid-918bfb31-49d9-4d67-868a-81697244072a%22:%91%22header_5_text_color%22,%22header_3_text_color%22,%22header_5_text_color%22,%22header_3_text_color%22,%22header_2_text_color%22%93,%22gcid-4d8dff94-80eb-45a6-923d-3ee1cf32d3c4%22:%91%22text_text_color%22,%22text_text_color%22%93}&#8220;]<\/p>\n<h2>Erfahrung \u00fcber Grenzen hinweg<\/h2>\n<p>Laurie Silverbergs berufliche Kompetenzen liegt in den Feldern internationale Politik, akademische F\u00fchrung und institutionelle Transformation. Sie wirkte an hochkar\u00e4tigen Projekten beispielsweise f\u00fcr den G7 Gender Equality Advisory Council (GEAC), die UNESCO und das Wissenschaftszentrum Berlin f\u00fcr Sozialforschung (WZB) mit und war dar\u00fcber hinaus in leitenden Funktionen an der University of Wisconsin t\u00e4tig. <\/p>\n<p>Laurie Silverberg lebt in Madison und Berlin. Sie ist englische Muttersprachlerin und spricht ihre Zweitsprache Deutsch flie\u00dfend und verhandlungssicher.<\/p>\n<p>[\/et_pb_text][et_pb_button button_url=&#8220;https:\/\/intellerate.net\/wp-content\/uploads\/2025\/07\/Silverberg_CV_Current.pdf&#8220; url_new_window=&#8220;on&#8220; button_text=&#8220;CV herunterladen&#8220; button_alignment=&#8220;right&#8220; _builder_version=&#8220;4.27.4&#8243; button_text_color=&#8220;gcid-ff167076-b4c5-4e2e-a715-50d3f49d16ce&#8220; button_font=&#8220;Lato|||on|||||&#8220; button_use_icon=&#8220;off&#8220; custom_margin=&#8220;30px||||false&#8220; custom_padding=&#8220;8px|36px|8px|36px|true|true&#8220; button_text_color_hover=&#8220;#000000&#8243; button_border_color_hover=&#8220;#000000&#8243; button_bg_color_hover=&#8220;rgba(0,0,0,0)&#8220; locked=&#8220;off&#8220; global_colors_info=&#8220;{%22gcid-ff167076-b4c5-4e2e-a715-50d3f49d16ce%22:%91%22button_text_color%22,%22button_text_color%22%93}&#8220; button_text_size__hover_enabled=&#8220;off&#8220; button_one_text_size__hover_enabled=&#8220;off&#8220; button_two_text_size__hover_enabled=&#8220;off&#8220; button_text_color__hover_enabled=&#8220;on&#8220; button_text_color__hover=&#8220;#13204d&#8220; button_one_text_color__hover_enabled=&#8220;off&#8220; button_two_text_color__hover_enabled=&#8220;off&#8220; button_border_width__hover_enabled=&#8220;off&#8220; button_one_border_width__hover_enabled=&#8220;off&#8220; button_two_border_width__hover_enabled=&#8220;off&#8220; button_one_border_color__hover_enabled=&#8220;off&#8220; button_two_border_color__hover_enabled=&#8220;off&#8220; button_border_radius__hover_enabled=&#8220;off&#8220; button_one_border_radius__hover_enabled=&#8220;off&#8220; button_two_border_radius__hover_enabled=&#8220;off&#8220; button_letter_spacing__hover_enabled=&#8220;off&#8220; button_one_letter_spacing__hover_enabled=&#8220;off&#8220; button_two_letter_spacing__hover_enabled=&#8220;off&#8220; button_one_bg_color__hover_enabled=&#8220;off&#8220; button_two_bg_color__hover_enabled=&#8220;off&#8220;][\/et_pb_button][\/et_pb_column][\/et_pb_row][\/et_pb_section][et_pb_section fb_built=&#8220;1&#8243; disabled_on=&#8220;off|off|off&#8220; admin_label=&#8220;Thematic strengths&#8220; module_class=&#8220;sfly_feature sfly_feature_23&#8243; _builder_version=&#8220;4.27.4&#8243; background_color=&#8220;gcid-ff167076-b4c5-4e2e-a715-50d3f49d16ce&#8220; custom_padding=&#8220;0px||0px||true&#8220; locked=&#8220;off&#8220; collapsed=&#8220;on&#8220; global_colors_info=&#8220;{%22gcid-ff167076-b4c5-4e2e-a715-50d3f49d16ce%22:%91%22background_color%22%93}&#8220;][et_pb_row _builder_version=&#8220;4.27.4&#8243; _module_preset=&#8220;default&#8220; global_colors_info=&#8220;{}&#8220; column_structure=&#8220;1_2,1_2&#8243;][et_pb_column type=&#8220;1_2&#8243; _builder_version=&#8220;4.27.4&#8243; _module_preset=&#8220;default&#8220; global_colors_info=&#8220;{}&#8220;][et_pb_text _builder_version=&#8220;4.27.4&#8243; _module_preset=&#8220;default&#8220; header_2_text_color=&#8220;gcid-918bfb31-49d9-4d67-868a-81697244072a&#8220; global_colors_info=&#8220;{%22gcid-918bfb31-49d9-4d67-868a-81697244072a%22:%91%22header_5_text_color%22,%22header_3_text_color%22,%22header_2_text_color%22%93,%22gcid-4d8dff94-80eb-45a6-923d-3ee1cf32d3c4%22:%91%22text_text_color%22%93}&#8220;]<\/p>\n<h2>Thematische St\u00e4rken<\/h2>\n<p>Laurie Silverberg hat durch ihre internationale Arbeit in Politik, Wissenschaft und Institutionen breites Fachwissen in einer Vielzahl von Bereichen erworben. Ihre F\u00e4higkeit, sich neue Themen anzueignen und sich unterschiedlichen Disziplinen anzupassen, erm\u00f6glicht es ihr, \u00fcberall Br\u00fccken zwischen Forschung und praktischer Anwendung zu schlagen.<\/p>\n<p>[\/et_pb_text][\/et_pb_column][et_pb_column type=&#8220;1_2&#8243; _builder_version=&#8220;4.27.4&#8243; _module_preset=&#8220;default&#8220; global_colors_info=&#8220;{}&#8220;][et_pb_image src=&#8220;https:\/\/intellerate.net\/wp-content\/uploads\/2025\/09\/cropped-LS_Scarf_Lowres_processed_by_imagy_processed_by_imagy-300&#215;300.png&#8220; _builder_version=&#8220;4.27.4&#8243; _module_preset=&#8220;default&#8220; title_text=&#8220;abgeschnitten-LS_Scarf_Lowres_verarbeitet_von_imagy_verarbeitet_von_imagy&#8220; hover_enabled=&#8220;0&#8243; sticky_enabled=&#8220;0&#8243; align=&#8220;center&#8220;][\/et_pb_image][\/et_pb_column][\/et_pb_row][et_pb_row column_structure=&#8220;1_3,1_3,1_3&#8243; use_custom_gutter=&#8220;on&#8220; gutter_width=&#8220;1&#8243; make_equal=&#8220;on&#8220; custom_padding_last_edited=&#8220;on|phone&#8220; disabled_on=&#8220;on|on|off&#8220; _builder_version=&#8220;4.27.4&#8243; custom_padding=&#8220;0px||0px||true|false&#8220; custom_padding_tablet=&#8220;&#8220; custom_padding_phone=&#8220;25%||25%||true&#8220; animation_style=&#8220;fade&#8220; global_colors_info=&#8220;{}&#8220;][et_pb_column type=&#8220;1_3&#8243; _builder_version=&#8220;4.16&#8243; custom_padding=&#8220;|||&#8220; custom_padding_tablet=&#8220;||50px|&#8220; custom_padding_phone=&#8220;||50px|&#8220; custom_padding_last_edited=&#8220;on|tablet&#8220; global_colors_info=&#8220;{}&#8220; padding_tablet=&#8220;||50px|&#8220; padding_last_edited=&#8220;on|tablet&#8220; custom_padding__hover=&#8220;|||&#8220; padding_phone=&#8220;||50px|&#8220;][et_pb_blurb title=&#8220;Hochschulbildung&#8220; use_icon=&#8220;on&#8220; font_icon=&#8220;&#xf19c;||fa||900&#8243; image_icon_width=&#8220;60px&#8220; content_max_width=&#8220;300px&#8220; _builder_version=&#8220;4.27.4&#8243; header_level=&#8220;h3&#8243; header_font=&#8220;Lato|700|||||||&#8220; header_text_color=&#8220;gcid-918bfb31-49d9-4d67-868a-81697244072a&#8220; text_orientation=&#8220;center&#8220; custom_padding=&#8220;10%|10%|10%|10%|true|true&#8220; box_shadow_style=&#8220;preset1&#8243; box_shadow_blur=&#8220;0px&#8220; box_shadow_color=&#8220;rgba(0,0,0,0)&#8220; icon_font_size=&#8220;60px&#8220; global_colors_info=&#8220;{%22gcid-31baa1cb-df8e-4249-a07f-4deff0a4e6d3%22:%91%22icon_color%22,%22icon_color%22,%22icon_color%22,%22icon_color%22,%22icon_color%22,%22icon_color%22,%22icon_color%22,%22icon_color%22,%22icon_color%22,%22icon_color%22%93,%22gcid-918bfb31-49d9-4d67-868a-81697244072a%22:%91%22header_text_color%22%93}&#8220; box_shadow_blur__hover_enabled=&#8220;on&#8220; box_shadow_blur__hover=&#8220;80px&#8220; box_shadow_color__hover_enabled=&#8220;on&#8220; box_shadow_color__hover=&#8220;rgba(0,0,0,0.1)&#8220;][\/et_pb_blurb][et_pb_blurb title=&#8220;Forschungsethik und gute wissenschaftliche Praxis&#8220; use_icon=&#8220;on&#8220; font_icon=&#8220;&#xe00a;||divi||400&#8243; image_icon_width=&#8220;60px&#8220; content_max_width=&#8220;300px&#8220; _builder_version=&#8220;4.27.4&#8243; header_font=&#8220;Lato|700|||||||&#8220; header_text_color=&#8220;gcid-918bfb31-49d9-4d67-868a-81697244072a&#8220; text_orientation=&#8220;center&#8220; custom_padding=&#8220;10%|10%|10%|10%|true|true&#8220; box_shadow_style=&#8220;preset1&#8243; box_shadow_blur=&#8220;0px&#8220; box_shadow_color=&#8220;rgba(0,0,0,0)&#8220; icon_font_size=&#8220;60px&#8220; locked=&#8220;off&#8220; global_colors_info=&#8220;{%22gcid-31baa1cb-df8e-4249-a07f-4deff0a4e6d3%22:%91%22icon_color%22,%22icon_color%22%93,%22gcid-918bfb31-49d9-4d67-868a-81697244072a%22:%91%22header_text_color%22%93}&#8220; box_shadow_blur__hover=&#8220;80px&#8220; box_shadow_blur__hover_enabled=&#8220;on&#8220; box_shadow_color__hover=&#8220;rgba(0,0,0,0.1)&#8220; box_shadow_color__hover_enabled=&#8220;on&#8220;][\/et_pb_blurb][\/et_pb_column][et_pb_column type=&#8220;1_3&#8243; module_class=&#8220;sfly_dark_overla&#8220; _builder_version=&#8220;4.16&#8243; custom_padding=&#8220;|||&#8220; custom_padding_tablet=&#8220;||50px|&#8220; custom_padding_phone=&#8220;||50px|&#8220; custom_padding_last_edited=&#8220;on|tablet&#8220; global_colors_info=&#8220;{}&#8220; padding_tablet=&#8220;||50px|&#8220; padding_last_edited=&#8220;on|tablet&#8220; custom_padding__hover=&#8220;|||&#8220; padding_phone=&#8220;||50px|&#8220;][et_pb_blurb title=&#8220;Universit\u00e4tsmedizin und Gesundheitspolitik&#8220; use_icon=&#8220;on&#8220; font_icon=&#8220;&#xf80d;||fa||900&#8243; image_icon_width=&#8220;60px&#8220; content_max_width=&#8220;300px&#8220; _builder_version=&#8220;4.27.4&#8243; header_level=&#8220;h3&#8243; header_font=&#8220;Lato|700|||||||&#8220; header_text_color=&#8220;gcid-918bfb31-49d9-4d67-868a-81697244072a&#8220; text_orientation=&#8220;center&#8220; custom_padding=&#8220;10%|10%|10%|10%|true|true&#8220; border_width_top=&#8220;1px&#8220; border_color_top=&#8220;#f2f2f2&#8243; border_width_bottom=&#8220;1px&#8220; border_color_bottom=&#8220;#f2f2f2&#8243; box_shadow_style=&#8220;preset1&#8243; box_shadow_blur=&#8220;0px&#8220; box_shadow_color=&#8220;rgba(0,0,0,0)&#8220; icon_font_size=&#8220;60px&#8220; global_colors_info=&#8220;{%22gcid-31baa1cb-df8e-4249-a07f-4deff0a4e6d3%22:%91%22icon_color%22,%22icon_color%22%93,%22gcid-918bfb31-49d9-4d67-868a-81697244072a%22:%91%22header_text_color%22%93}&#8220; box_shadow_blur__hover=&#8220;80px&#8220; box_shadow_blur__hover_enabled=&#8220;on&#8220; box_shadow_color__hover=&#8220;rgba(0,0,0,0.1)&#8220; box_shadow_color__hover_enabled=&#8220;on&#8220; border_color_top__hover_enabled=&#8220;on&#8220; border_color_top__hover=&#8220;rgba(0,0,0,0)&#8220; border_color_bottom__hover_enabled=&#8220;on&#8220; border_color_bottom__hover=&#8220;rgba(0,0,0,0)&#8220;][\/et_pb_blurb][et_pb_blurb title=&#8220;Gleichberechtigung der Geschlechter&#8220; use_icon=&#8220;on&#8220; font_icon=&#8220;&#xf224;||fa||900&#8243; image_icon_width=&#8220;60px&#8220; content_max_width=&#8220;300px&#8220; _builder_version=&#8220;4.27.4&#8243; header_font=&#8220;Lato|700|||||||&#8220; header_text_color=&#8220;gcid-918bfb31-49d9-4d67-868a-81697244072a&#8220; text_orientation=&#8220;center&#8220; custom_padding=&#8220;10%|10%|10%|10%|true|true&#8220; box_shadow_style=&#8220;preset1&#8243; box_shadow_blur=&#8220;0px&#8220; box_shadow_color=&#8220;rgba(0,0,0,0)&#8220; icon_font_size=&#8220;60px&#8220; locked=&#8220;off&#8220; global_colors_info=&#8220;{%22gcid-31baa1cb-df8e-4249-a07f-4deff0a4e6d3%22:%91%22icon_color%22%93,%22gcid-918bfb31-49d9-4d67-868a-81697244072a%22:%91%22header_text_color%22%93}&#8220; box_shadow_color__hover_enabled=&#8220;on&#8220; box_shadow_blur__hover_enabled=&#8220;on&#8220; box_shadow_blur__hover=&#8220;80px&#8220; box_shadow_color__hover=&#8220;rgba(0,0,0,0.1)&#8220;][\/et_pb_blurb][\/et_pb_column][et_pb_column type=&#8220;1_3&#8243; _builder_version=&#8220;4.16&#8243; custom_padding=&#8220;|||&#8220; custom_padding_tablet=&#8220;||25px|||&#8220; custom_padding_phone=&#8220;||25px|||&#8220; custom_padding_last_edited=&#8220;on|desktop&#8220; global_colors_info=&#8220;{}&#8220; padding_tablet=&#8220;||25px|||&#8220; padding_last_edited=&#8220;on|desktop&#8220; custom_padding__hover=&#8220;|||&#8220; padding_phone=&#8220;||25px|||&#8220;][et_pb_blurb title=&#8220;Sozialforschung&#8220; use_icon=&#8220;on&#8220; font_icon=&#8220;&#xf0c0;||fa||900&#8243; image_icon_width=&#8220;60px&#8220; content_max_width=&#8220;300px&#8220; _builder_version=&#8220;4.27.4&#8243; header_font=&#8220;Lato|700|||||||&#8220; header_text_color=&#8220;gcid-918bfb31-49d9-4d67-868a-81697244072a&#8220; text_orientation=&#8220;center&#8220; custom_padding=&#8220;10%|10%|10%|10%|true|true&#8220; border_width_right=&#8220;1px&#8220; border_color_right=&#8220;#f2f2f2&#8243; border_width_left=&#8220;1px&#8220; border_color_left=&#8220;#f2f2f2&#8243; box_shadow_style=&#8220;preset1&#8243; box_shadow_blur=&#8220;0px&#8220; box_shadow_color=&#8220;rgba(0,0,0,0)&#8220; icon_font_size=&#8220;60px&#8220; locked=&#8220;off&#8220; global_colors_info=&#8220;{%22gcid-31baa1cb-df8e-4249-a07f-4deff0a4e6d3%22:%91%22icon_color%22,%22icon_color%22%93,%22gcid-918bfb31-49d9-4d67-868a-81697244072a%22:%91%22header_text_color%22%93}&#8220; box_shadow_blur__hover=&#8220;80px&#8220; box_shadow_blur__hover_enabled=&#8220;on&#8220; box_shadow_color__hover=&#8220;rgba(0,0,0,0.1)&#8220; box_shadow_color__hover_enabled=&#8220;on&#8220; border_color_right__hover_enabled=&#8220;on&#8220; border_color_right__hover=&#8220;rgba(0,0,0,0)&#8220; border_color_left__hover_enabled=&#8220;on&#8220; border_color_left__hover=&#8220;rgba(0,0,0,0)&#8220;][\/et_pb_blurb][et_pb_blurb title=&#8220;Darstellende K\u00fcnste&#8220; use_icon=&#8220;on&#8220; font_icon=&#8220;&#xe08e;||divi||400&#8243; image_icon_width=&#8220;60px&#8220; content_max_width=&#8220;300px&#8220; _builder_version=&#8220;4.27.4&#8243; header_font=&#8220;Lato|700|||||||&#8220; header_text_color=&#8220;gcid-918bfb31-49d9-4d67-868a-81697244072a&#8220; text_orientation=&#8220;center&#8220; custom_padding=&#8220;10%|10%|10%|10%|true|true&#8220; border_width_top=&#8220;1px&#8220; border_color_top=&#8220;#f2f2f2&#8243; border_width_bottom=&#8220;1px&#8220; border_color_bottom=&#8220;#f2f2f2&#8243; box_shadow_style=&#8220;preset1&#8243; box_shadow_blur=&#8220;0px&#8220; box_shadow_color=&#8220;rgba(0,0,0,0)&#8220; icon_font_size=&#8220;60px&#8220; locked=&#8220;off&#8220; global_colors_info=&#8220;{%22gcid-31baa1cb-df8e-4249-a07f-4deff0a4e6d3%22:%91%22icon_color%22,%22icon_color%22%93,%22gcid-918bfb31-49d9-4d67-868a-81697244072a%22:%91%22header_text_color%22%93}&#8220; box_shadow_blur__hover=&#8220;80px&#8220; box_shadow_blur__hover_enabled=&#8220;on&#8220; box_shadow_color__hover=&#8220;rgba(0,0,0,0.1)&#8220; box_shadow_color__hover_enabled=&#8220;on&#8220; border_color_top__hover_enabled=&#8220;on&#8220; border_color_top__hover=&#8220;rgba(0,0,0,0)&#8220; border_color_bottom__hover_enabled=&#8220;on&#8220; border_color_bottom__hover=&#8220;rgba(0,0,0,0)&#8220;][\/et_pb_blurb][\/et_pb_column][\/et_pb_row][\/et_pb_section][et_pb_section fb_built=&#8220;1&#8243; admin_label=&#8220;General 9&#8243; module_class=&#8220;sfly_general sfly_general_9&#8243; _builder_version=&#8220;4.16&#8243; custom_padding=&#8220;0px||0px||true&#8220; locked=&#8220;off&#8220; global_colors_info=&#8220;{}&#8220;][et_pb_row column_structure=&#8220;1_2,1_2&#8243; use_custom_gutter=&#8220;on&#8220; gutter_width=&#8220;1&#8243; make_equal=&#8220;on&#8220; padding_top_bottom_link_1=&#8220;true&#8220; padding_left_right_link_1=&#8220;true&#8220; module_class=&#8220;sfly_column_switch et_pb_row_fullwidth&#8220; _builder_version=&#8220;4.27.4&#8243; width=&#8220;100%&#8220; width_tablet=&#8220;100%&#8220; width_phone=&#8220;100%&#8220; width_last_edited=&#8220;on|desktop&#8220; max_width=&#8220;100%&#8220; max_width_tablet=&#8220;100%&#8220; max_width_phone=&#8220;100%&#8220; max_width_last_edited=&#8220;on|desktop&#8220; custom_padding=&#8220;0px||0px||true&#8220; make_fullwidth=&#8220;on&#8220; custom_width_px=&#8220;750px&#8220; global_colors_info=&#8220;{}&#8220;][et_pb_column type=&#8220;1_2&#8243; module_class=&#8220;column1&#8243; _builder_version=&#8220;4.27.4&#8243; background_color=&#8220;gcid-3b29f6aa-06de-4d50-b7de-1d52402a3ee0&#8243; background_size=&#8220;initial&#8220; custom_padding=&#8220;5%|5%|5%|5%&#8220; custom_padding_tablet=&#8220;5%|5%|5%|5%&#8220; custom_padding_phone=&#8220;10%|10%|10%|10%|true|true&#8220; custom_padding_last_edited=&#8220;on|phone&#8220; global_colors_info=&#8220;{%22gcid-3b29f6aa-06de-4d50-b7de-1d52402a3ee0%22:%91%22background_color%22%93}&#8220; custom_padding__hover=&#8220;|||&#8220;][et_pb_text quote_border_weight=&#8220;0px&#8220; quote_border_color=&#8220;rgba(0,0,0,0)&#8220; _builder_version=&#8220;4.27.4&#8243; link_font=&#8220;|100|||on|||#000000|&#8220; link_text_color=&#8220;#000000&#8243; quote_font=&#8220;Playfair Display||on||||||&#8220; quote_text_color=&#8220;#000000&#8243; quote_line_height=&#8220;1.3em&#8220; header_2_text_color=&#8220;gcid-918bfb31-49d9-4d67-868a-81697244072a&#8220; header_3_font=&#8220;|700|||||||&#8220; header_3_text_color=&#8220;#000000&#8243; header_4_letter_spacing=&#8220;12px&#8220; header_5_font=&#8220;|300|||||||&#8220; header_5_text_color=&#8220;#bfbfbf&#8220; header_5_letter_spacing=&#8220;12px&#8220; header_6_font=&#8220;|700|||||||&#8220; header_6_letter_spacing=&#8220;12px&#8220; background_layout=&#8220;dark&#8220; max_width=&#8220;750px&#8220; module_alignment=&#8220;left&#8220; custom_margin_tablet=&#8220;&#8220; custom_margin_phone=&#8220;&#8220; custom_margin_last_edited=&#8220;on|tablet&#8220; quote_font_size_tablet=&#8220;&#8220; quote_font_size_phone=&#8220;&#8220; quote_font_size_last_edited=&#8220;on|desktop&#8220; saved_tabs=&#8220;all&#8220; locked=&#8220;off&#8220; global_colors_info=&#8220;{%22gcid-4d8dff94-80eb-45a6-923d-3ee1cf32d3c4%22:%91%22text_text_color%22,%22text_text_color%22,%22text_text_color%22%93,%22gcid-918bfb31-49d9-4d67-868a-81697244072a%22:%91%22header_5_text_color%22,%22header_3_text_color%22,%22header_2_text_color%22%93}&#8220;]<\/p>\n<h2>Wissenschaftliche Grundlagen, praktische Auswirkungen<\/h2>\n<p>Mit einem Doktortitel in Musikwissenschaft von der University of Pennsylvania und akademischer Erfahrung als Mellon Post-Doctoral Fellow in the Humanities an der Columbia University bringt Laurie Silverberg einen besonderen Blickwinkel in ihre Beratungst\u00e4tigkeit. Ihre historische Forschungsarbeit \u00fcber Musik, Politik und Nationalismus in der DDR f\u00fchrte sie zu der Erkenntnis, dass geisteswissenschaftliche Perspektiven f\u00fcr die Bew\u00e4ltigung der globalen Herausforderungen unserer Zeit unerl\u00e4sslich sind. Damit ist sie auch eine Ansprechpartnerin f\u00fcr Promovierende, die sich f\u00fcr eine Karriere au\u00dferhalb der Akademie interessieren.  <\/p>\n<p>&nbsp;<\/p>\n<p>[\/et_pb_text][\/et_pb_column][et_pb_column type=&#8220;1_2&#8243; module_class=&#8220;column2&#8243; _builder_version=&#8220;4.27.4&#8243; background_image=&#8220;https:\/\/intellerate.net\/wp-content\/uploads\/2025\/08\/lights.jpg&#8220; custom_padding=&#8220;|||&#8220; global_colors_info=&#8220;{}&#8220; custom_padding__hover=&#8220;|||&#8220;][et_pb_divider color=&#8220;#2c3e50&#8243; module_class=&#8220;divider_spacer&#8220; _builder_version=&#8220;4.16&#8243; locked=&#8220;off&#8220; global_colors_info=&#8220;{}&#8220;][\/et_pb_divider][\/et_pb_column][\/et_pb_row][\/et_pb_section]<\/p>\n","protected":false},"excerpt":{"rendered":"<p>Erfahrung \u00fcber Grenzen hinweg Laurie Silverbergs berufliche Kompetenzen liegt in den Feldern internationale Politik, akademische F\u00fchrung und institutionelle Transformation. Sie wirkte an hochkar\u00e4tigen Projekten beispielsweise f\u00fcr den G7 Gender Equality Advisory Council (GEAC), die UNESCO und das Wissenschaftszentrum Berlin f\u00fcr Sozialforschung (WZB) mit und war dar\u00fcber hinaus in leitenden Funktionen an der University of Wisconsin [&hellip;]<\/p>\n","protected":false},"author":1,"featured_media":0,"parent":0,"menu_order":0,"comment_status":"closed","ping_status":"closed","template":"","meta":{"_et_pb_use_builder":"on","_et_pb_old_content":"","_et_gb_content_width":"","footnotes":""},"class_list":["post-100835","page","type-page","status-publish","hentry"],"_links":{"self":[{"href":"https:\/\/intellerate.net\/de\/wp-json\/wp\/v2\/pages\/100835","targetHints":{"allow":["GET"]}}],"collection":[{"href":"https:\/\/intellerate.net\/de\/wp-json\/wp\/v2\/pages"}],"about":[{"href":"https:\/\/intellerate.net\/de\/wp-json\/wp\/v2\/types\/page"}],"author":[{"embeddable":true,"href":"https:\/\/intellerate.net\/de\/wp-json\/wp\/v2\/users\/1"}],"replies":[{"embeddable":true,"href":"https:\/\/intellerate.net\/de\/wp-json\/wp\/v2\/comments?post=100835"}],"version-history":[{"count":9,"href":"https:\/\/intellerate.net\/de\/wp-json\/wp\/v2\/pages\/100835\/revisions"}],"predecessor-version":[{"id":100982,"href":"https:\/\/intellerate.net\/de\/wp-json\/wp\/v2\/pages\/100835\/revisions\/100982"}],"wp:attachment":[{"href":"https:\/\/intellerate.net\/de\/wp-json\/wp\/v2\/media?parent=100835"}],"curies":[{"name":"wp","href":"https:\/\/api.w.org\/{rel}","templated":true}]}}